{"id":50536,"date":"2022-03-24T16:20:57","date_gmt":"2022-03-24T16:20:57","guid":{"rendered":"https:\/\/atirotargets.com\/?page_id=50536"},"modified":"2022-04-07T07:44:08","modified_gmt":"2022-04-07T07:44:08","slug":"piano-di-scatto-en","status":"publish","type":"page","link":"https:\/\/atirotargets.com\/en\/piano-di-scatto-en\/","title":{"rendered":"Piano di Scatto en"},"content":{"rendered":"<p>[et_pb_section fb_built=&#8221;1&#8243; disabled_on=&#8221;off|off|off&#8221; _builder_version=&#8221;4.16&#8243; _module_preset=&#8221;default&#8221; global_colors_info=&#8221;{}&#8221;][et_pb_row _builder_version=&#8221;4.16&#8243; custom_margin=&#8221;-1px|auto||auto||&#8221; custom_padding=&#8221;9px||21px||false|&#8221; global_colors_info=&#8221;{}&#8221;][et_pb_column type=&#8221;4_4&#8243; _builder_version=&#8221;4.16&#8243; custom_padding=&#8221;|||&#8221; global_colors_info=&#8221;{}&#8221; custom_padding__hover=&#8221;|||&#8221;][et_pb_text _builder_version=&#8221;4.16&#8243; custom_margin=&#8221;||-12px|||&#8221; custom_padding=&#8221;11px||11px|||&#8221; inline_fonts=&#8221;Advent Pro,Yesteryear&#8221; global_colors_info=&#8221;{}&#8221;]<\/p>\n<h1 style=\"text-align: center;\"><span style=\"font-size: xx-large; font-family: inherit; font-weight: normal; color: #cd2a2d;\"><strong>Media<\/strong><\/span><\/h1>\n<p>[\/et_pb_text][et_pb_text _builder_version=&#8221;4.16&#8243; custom_padding=&#8221;||0px|||&#8221; global_colors_info=&#8221;{}&#8221;]<\/p>\n<h4 style=\"text-align: center;\">INTERVIEWS, VIDEOS, EVENTS AND CURIOSITIES FROM THE WORLD OF DYNAMIC SPORTS SHOOTING<\/h4>\n<p>[\/et_pb_text][dipl_separator separator_color=&#8221;#37434b&#8221; _builder_version=&#8221;4.16&#8243; _module_preset=&#8221;default&#8221; max_width=&#8221;10%&#8221; max_width_tablet=&#8221;10%&#8221; max_width_phone=&#8221;10%&#8221; max_width_last_edited=&#8221;on|phone&#8221; module_alignment=&#8221;center&#8221; global_colors_info=&#8221;{}&#8221;][\/dipl_separator][\/et_pb_column][\/et_pb_row][et_pb_row _builder_version=&#8221;4.16&#8243; _module_preset=&#8221;default&#8221; global_colors_info=&#8221;{}&#8221;][et_pb_column type=&#8221;4_4&#8243; _builder_version=&#8221;4.16&#8243; _module_preset=&#8221;default&#8221; global_colors_info=&#8221;{}&#8221;][dipl_blog_slider slider_layout=&#8221;layout3&#8243; posts_number=&#8221;3&#8243; include_categories=&#8221;8&#8243; show_author=&#8221;off&#8221; show_date=&#8221;off&#8221; show_categories=&#8221;off&#8221; read_more_text=&#8221;Read more&#8221; arrow_color=&#8221;#E02B20&#8243; control_dot_inactive_color=&#8221;#E02B20&#8243; meta_icon_color=&#8221;#E02B20&#8243; post_per_slide_tablet=&#8221;2&#8243; post_per_slide_phone=&#8221;1&#8243; post_per_slide_last_edited=&#8221;on|desktop&#8221; _builder_version=&#8221;4.16.1&#8243; _module_preset=&#8221;default&#8221; body_text_align=&#8221;justify&#8221; custom_read_more=&#8221;on&#8221; read_more_text_color=&#8221;#FFFFFF&#8221; read_more_bg_color=&#8221;#cd2a2d&#8221; read_more_use_icon=&#8221;off&#8221; read_more_alignment=&#8221;right&#8221; hover_enabled=&#8221;0&#8243; global_colors_info=&#8221;{}&#8221; read_more_bg_color__hover_enabled=&#8221;on|hover&#8221; read_more_bg_color__hover=&#8221;#37434b&#8221; read_more_bg_enable_color__hover=&#8221;on&#8221; sticky_enabled=&#8221;0&#8243;][\/dipl_blog_slider][\/et_pb_column][\/et_pb_row][\/et_pb_section]<\/p>\n","protected":false},"excerpt":{"rendered":"<p>MediaINTERVIEWS, VIDEOS, EVENTS AND CURIOSITIES FROM THE WORLD OF DYNAMIC SPORTS SHOOTING<div class=\"et_pb_module dipl_separator dipl_separator_0\">\n\t\t\t\t\n\t\t\t\t\n\t\t\t\t\n\t\t\t\t\n\t\t\t\t\n\t\t\t\t\n\t\t\t\t<div class=\"et_pb_module_inner\">\n\t\t\t\t\t<div class=\"dipl_separator_container align_none\">\n\t\t\t\t\t\t\t\t\t<div class=\"dipl_line dipl_line_before\"><\/div>\n\t\t\t\t\t\t\t\t\t\t\n\t\t\t\t\t\t\t\t\t\t\n\t\t\t\t\t\t\t\t\t\t\n\t\t\t\t\t\t\t\t\t<div class=\"dipl_line dipl_line_after\"><\/div>\n\t\t\t\t\t\t\t\t<\/div>\n\t\t\t\t<\/div>\n\t\t\t<\/div><div class=\"et_pb_module dipl_blog_slider dipl_blog_slider_0\">\n\t\t\t\t\n\t\t\t\t\n\t\t\t\t\n\t\t\t\t\n\t\t\t\t\n\t\t\t\t\n\t\t\t\t<div class=\"et_pb_module_inner\">\n\t\t\t\t\t<div class=\"dipl_swiper_wrapper\"><div class=\"dipl_blog_slider_container dipl_swiper_inner_wrap layout3\"><div class=\"swiper-container\"><div class=\"swiper-wrapper\"><article id=\"post-50137\" class=\"swiper-slide  dipl_blog_slider_post post-50137 post type-post status-publish format-standard has-post-thumbnail hentry category-news tag-atiro tag-bersagli-da-tiro-a-segno tag-bersagli-metallici-per-tiro-dinamico tag-bersagli-per-gare-di-tiro tag-bersagli-per-tiro-dinamico tag-bersagli-tiro-dinamico tag-bersaglio-tiro-dinamico tag-piano-di-scatto\" ><div class=\"dipl_blog_slider_image_wrapper\"><a href=\"https:\/\/atirotargets.com\/en\/2022\/02\/15\/piano-di-scatto-atiro-targets-sul-mondo-del-tiro-dinamico-sportivo\/\" class=\"dipl_blog_slider_image_link\"><img width=\"1024\" height=\"683\" src=\"https:\/\/atirotargets.com\/wp-content\/uploads\/2022\/02\/A5A7902-1024x683.jpg\" class=\"dipl_blog_slider_post_image wp-post-image\" alt=\"\" decoding=\"async\" loading=\"lazy\" srcset=\"https:\/\/atirotargets.com\/wp-content\/uploads\/2022\/02\/A5A7902-980x653.jpg 980w, https:\/\/atirotargets.com\/wp-content\/uploads\/2022\/02\/A5A7902-480x320.jpg 480w\" sizes=\"(min-width: 0px) and (max-width: 480px) 480px, (min-width: 481px) and (max-width: 980px) 980px, (min-width: 981px) 1024px, 100vw\" \/><\/a><\/div> <!-- dipl_blog_slider_image_wrapper --><div class=\"dipl_blog_slider_content_wrapper\"><h2 class=\"dipl_blog_slider_post_title\"><a href=\"https:\/\/atirotargets.com\/en\/2022\/02\/15\/piano-di-scatto-atiro-targets-sul-mondo-del-tiro-dinamico-sportivo\/\">Piano di Scatto Atiro Targets sul mondo del tiro dinamico sportivo<\/a><\/h2><div class=\"dipl_blog_slider_content\"><p>dal mondo del tiro dinamico sportivo nasce il Club \"Piano di Scatto\", interviste, news e curiosit\u00e0 by Atiro Targets...<br \/>\n..entra anche tu!!<\/p>\n<\/div><div class=\"dipl_blog_slider_read_more_link\"><a class=\"et_pb_button\" href=\"https:\/\/atirotargets.com\/en\/2022\/02\/15\/piano-di-scatto-atiro-targets-sul-mondo-del-tiro-dinamico-sportivo\/\">Read more<\/a><\/div><\/div> <!-- dipl_blog_slider_content_wrapper --><p class=\"dipl_blog_slider_meta\"><\/p><\/article><article id=\"post-50018\" class=\"swiper-slide  dipl_blog_slider_post post-50018 post type-post status-publish format-standard has-post-thumbnail hentry category-news tag-atiro tag-bersagli-da-tiro-a-segno tag-bersagli-metallici-per-tiro-dinamico tag-bersagli-per-gare-di-tiro tag-bersagli-per-tiro-dinamico tag-bersagli-tiro-dinamico tag-bersaglio-tiro-dinamico\" ><div class=\"dipl_blog_slider_image_wrapper\"><a href=\"https:\/\/atirotargets.com\/en\/2022\/02\/11\/tiro-dinamico-sportivo-nasce-le-commerce-di-atiro-targets\/\" class=\"dipl_blog_slider_image_link\"><img width=\"1024\" height=\"1024\" src=\"https:\/\/atirotargets.com\/wp-content\/uploads\/2022\/02\/A5A7833-copy1-1024x1024.jpg\" class=\"dipl_blog_slider_post_image wp-post-image\" alt=\"I nostri bersagli per tiro dinamico sportivo sono artigianali e realizzati in acciaio balistico svedese. Entra nel mondo ATIRO Targets!\" decoding=\"async\" loading=\"lazy\" srcset=\"https:\/\/atirotargets.com\/wp-content\/uploads\/2022\/02\/A5A7833-copy1-980x980.jpg 980w, https:\/\/atirotargets.com\/wp-content\/uploads\/2022\/02\/A5A7833-copy1-480x480.jpg 480w\" sizes=\"(min-width: 0px) and (max-width: 480px) 480px, (min-width: 481px) and (max-width: 980px) 980px, (min-width: 981px) 1024px, 100vw\" \/><\/a><\/div> <!-- dipl_blog_slider_image_wrapper --><div class=\"dipl_blog_slider_content_wrapper\"><h2 class=\"dipl_blog_slider_post_title\"><a href=\"https:\/\/atirotargets.com\/en\/2022\/02\/11\/tiro-dinamico-sportivo-nasce-le-commerce-di-atiro-targets\/\">Tiro dinamico sportivo&#8230;Nasce l\u2019e-commerce di ATIRO TARGETS!<\/a><\/h2><div class=\"dipl_blog_slider_content\"><p>I Bersagli ATIRO TARGETS sono creati per dare al tiratore la possibilit\u00e0 di vivere un\u2019esperienza unica nel tiro dinamico sportivo, contando su qualit\u00e0 di fattura e di tiro<\/p>\n<\/div><div class=\"dipl_blog_slider_read_more_link\"><a class=\"et_pb_button\" href=\"https:\/\/atirotargets.com\/en\/2022\/02\/11\/tiro-dinamico-sportivo-nasce-le-commerce-di-atiro-targets\/\">Read more<\/a><\/div><\/div> <!-- dipl_blog_slider_content_wrapper --><p class=\"dipl_blog_slider_meta\"><\/p><\/article><article id=\"post-49967\" class=\"swiper-slide  dipl_blog_slider_post post-49967 post type-post status-publish format-standard has-post-thumbnail hentry category-news tag-atiro tag-bersagli-da-tiro-a-segno tag-bersagli-metallici-per-tiro-dinamico tag-bersagli-per-gare-di-tiro tag-bersagli-per-tiro-dinamico tag-bersagli-tiro-dinamico tag-bersaglio-tiro-dinamico tag-targets\" ><div class=\"dipl_blog_slider_image_wrapper\"><a href=\"https:\/\/atirotargets.com\/en\/2022\/02\/10\/atiro-targets-i-punti-fermi-del-brand\/\" class=\"dipl_blog_slider_image_link\"><img width=\"1000\" height=\"1000\" src=\"https:\/\/atirotargets.com\/wp-content\/uploads\/2022\/01\/Marchio-A-Tiro.jpg\" class=\"dipl_blog_slider_post_image wp-post-image\" alt=\"\" decoding=\"async\" loading=\"lazy\" srcset=\"https:\/\/atirotargets.com\/wp-content\/uploads\/2022\/01\/Marchio-A-Tiro.jpg 1000w, https:\/\/atirotargets.com\/wp-content\/uploads\/2022\/01\/Marchio-A-Tiro-980x980.jpg 980w, https:\/\/atirotargets.com\/wp-content\/uploads\/2022\/01\/Marchio-A-Tiro-480x480.jpg 480w\" sizes=\"(min-width: 0px) and (max-width: 480px) 480px, (min-width: 481px) and (max-width: 980px) 980px, (min-width: 981px) 1000px, 100vw\" \/><\/a><\/div> <!-- dipl_blog_slider_image_wrapper --><div class=\"dipl_blog_slider_content_wrapper\"><h2 class=\"dipl_blog_slider_post_title\"><a href=\"https:\/\/atirotargets.com\/en\/2022\/02\/10\/atiro-targets-i-punti-fermi-del-brand\/\">ATIRO TARGETS, I punti fermi del Brand.<\/a><\/h2><div class=\"dipl_blog_slider_content\"><p>ATIRO TARGETS \u00e8 passione, curiosit\u00e0, sfida, voglia di fare, migliorare e migliorarsi sempre. Con questo spirito \u00e8 nata l\u2019azienda specializzata nella produzione e vendita di bersagli per il tiro dinamico sportivo.<\/p>\n<\/div><div class=\"dipl_blog_slider_read_more_link\"><a class=\"et_pb_button\" href=\"https:\/\/atirotargets.com\/en\/2022\/02\/10\/atiro-targets-i-punti-fermi-del-brand\/\">Read more<\/a><\/div><\/div> <!-- dipl_blog_slider_content_wrapper --><p class=\"dipl_blog_slider_meta\"><\/p><\/article><\/div> <!-- swiper-wrapper --><\/div> <!-- swiper-container --><div class=\"dipl_swiper_navigation\" data-arrows_desktop=\"outside\"><div class=\"swiper-button-next\" data-next_slide_arrow=\"&#x35;\"><\/div> <div class=\"swiper-button-prev\" data-previous_slide_arrow=\"&#x34;\"><\/div><\/div><\/div> <!-- dipl_blog_slider_container --><div class=\"dipl_swiper_pagination\"><div class=\"swiper-pagination solid_dot\"><\/div><\/div><\/div> <!-- dipl_swiper_wrapper --><script type=\"text\/javascript\">jQuery(function($) {var dipl_blog_slider_0_swiper = new Swiper('.dipl_blog_slider_0 .swiper-container', {\n                            slidesPerView: 3,\n                            autoplay: {\n                                delay:3000,\n                                disableOnInteraction: true,\n                            },\n                            spaceBetween: 15,\n                            slidesPerGroup: 1,\n                            slidesPerGroupSkip: 2,\n                            effect: \"slide\",\n                            cubeEffect: false,\n                            coverflowEffect: false,\n                            speed: 1000,\n                            loop: false,\n                            pagination: {\n                        el: '.dipl_blog_slider_0 .swiper-pagination',\n                        dynamicBullets: false,\n                        clickable: true,\n                    },\n                            navigation: {    \n                            nextEl: '.dipl_blog_slider_0 .swiper-button-next',\n                            prevEl: '.dipl_blog_slider_0 .swiper-button-prev',\n                    },\n                            grabCursor: 'true',\n                            observer: true,\n\t\t\t\t\t\t\tobserveParents: true,\n                            breakpoints: {\n                            \t981: {\n\t\t                          \tslidesPerView: 3,\n\t\t                          \tspaceBetween: 15,\n                            \t\tslidesPerGroup: 1,\n                            \t\tslidesPerGroupSkip: 2,\n\t\t                        },\n\t\t                        768: {\n\t\t                          \tslidesPerView: 2,\n\t\t                          \tspaceBetween: 15,\n\t\t                          \tslidesPerGroup: 1,\n                            \t\tslidesPerGroupSkip: 1,\n\t\t                        },\n\t\t                        0: {\n\t\t                          \tslidesPerView: 1,\n\t\t                          \tspaceBetween: 15,\n\t\t                          \tslidesPerGroup: 1,\n                            \t\tslidesPerGroupSkip: 0,\n\t\t                        }\n\t\t                    },\n                    });$(\".dipl_blog_slider_0 .swiper-container\").on(\"mouseenter\", function(e) {\n\t\t\t\t\t\t\tif ( typeof dipl_blog_slider_0_swiper.autoplay.stop === \"function\" ) {\n\t\t\t\t\t\t\t\tdipl_blog_slider_0_swiper.autoplay.stop();\n\t\t\t\t\t\t\t}\n                        });$(\".dipl_blog_slider_0 .swiper-container\").on(\"mouseleave\", function(e) {\n        \t\t\t\t\tif ( typeof dipl_blog_slider_0_swiper.autoplay.start === \"function\" ) {\n                            \tdipl_blog_slider_0_swiper.autoplay.start();\n                            }\n                        });dipl_blog_slider_0_swiper.on('reachEnd', function(){\n                            dipl_blog_slider_0_swiper.autoplay = false;\n                        });});<\/script>\n\t\t\t\t<\/div>\n\t\t\t<\/div><\/p>","protected":false},"author":2,"featured_media":0,"parent":0,"menu_order":0,"comment_status":"closed","ping_status":"closed","template":"","meta":{"_et_pb_use_builder":"on","_et_pb_old_content":"","_et_gb_content_width":"","footnotes":""},"class_list":["post-50536","page","type-page","status-publish","hentry"],"yoast_head":"<!-- This site is optimized with the Yoast SEO plugin v27.0 - https:\/\/yoast.com\/product\/yoast-seo-wordpress\/ -->\n<title>Piano di Scatto en - Bersagli per tiro dinamico | ATIRO Targets<\/title>\n<meta name=\"robots\" content=\"index, follow, max-snippet:-1, max-image-preview:large, max-video-preview:-1\" \/>\n<link rel=\"canonical\" href=\"https:\/\/atirotargets.com\/en\/piano-di-scatto-en\/\" \/>\n<meta property=\"og:locale\" content=\"en_US\" \/>\n<meta property=\"og:type\" content=\"article\" \/>\n<meta property=\"og:title\" content=\"Piano di Scatto en - Bersagli per tiro dinamico | ATIRO Targets\" \/>\n<meta property=\"og:description\" content=\"CHI C&#039;\u00c8 DIETRO ATIROUNA SQUADRA CHE CONOSCE I METALLI COME LE PROPRIE TASCHE\" \/>\n<meta property=\"og:url\" content=\"https:\/\/atirotargets.com\/en\/piano-di-scatto-en\/\" \/>\n<meta property=\"og:site_name\" content=\"Bersagli per tiro dinamico | ATIRO Targets\" \/>\n<meta property=\"article:modified_time\" content=\"2022-04-07T07:44:08+00:00\" \/>\n<meta name=\"twitter:card\" content=\"summary_large_image\" \/>\n<meta name=\"twitter:label1\" content=\"Est. reading time\" \/>\n\t<meta name=\"twitter:data1\" content=\"1 minute\" \/>\n<script type=\"application\/ld+json\" class=\"yoast-schema-graph\">{\"@context\":\"https:\/\/schema.org\",\"@graph\":[{\"@type\":\"WebPage\",\"@id\":\"https:\/\/atirotargets.com\/en\/piano-di-scatto-en\/\",\"url\":\"https:\/\/atirotargets.com\/en\/piano-di-scatto-en\/\",\"name\":\"Piano di Scatto en - Bersagli per tiro dinamico | ATIRO Targets\",\"isPartOf\":{\"@id\":\"https:\/\/atirotargets.com\/#website\"},\"datePublished\":\"2022-03-24T16:20:57+00:00\",\"dateModified\":\"2022-04-07T07:44:08+00:00\",\"breadcrumb\":{\"@id\":\"https:\/\/atirotargets.com\/en\/piano-di-scatto-en\/#breadcrumb\"},\"inLanguage\":\"en-US\",\"potentialAction\":[{\"@type\":\"ReadAction\",\"target\":[\"https:\/\/atirotargets.com\/en\/piano-di-scatto-en\/\"]}]},{\"@type\":\"BreadcrumbList\",\"@id\":\"https:\/\/atirotargets.com\/en\/piano-di-scatto-en\/#breadcrumb\",\"itemListElement\":[{\"@type\":\"ListItem\",\"position\":1,\"name\":\"Home\",\"item\":\"https:\/\/atirotargets.com\/\"},{\"@type\":\"ListItem\",\"position\":2,\"name\":\"Piano di Scatto en\"}]},{\"@type\":\"WebSite\",\"@id\":\"https:\/\/atirotargets.com\/#website\",\"url\":\"https:\/\/atirotargets.com\/\",\"name\":\"Bersagli per tiro dinamico | ATIRO Targets\",\"description\":\"I nostri bersagli per tiro dinamico sportivo sono artigianali e realizzati in acciaio balistico svedese. Entra nel mondo ATIRO Targets!\",\"publisher\":{\"@id\":\"https:\/\/atirotargets.com\/#organization\"},\"potentialAction\":[{\"@type\":\"SearchAction\",\"target\":{\"@type\":\"EntryPoint\",\"urlTemplate\":\"https:\/\/atirotargets.com\/?s={search_term_string}\"},\"query-input\":{\"@type\":\"PropertyValueSpecification\",\"valueRequired\":true,\"valueName\":\"search_term_string\"}}],\"inLanguage\":\"en-US\"},{\"@type\":\"Organization\",\"@id\":\"https:\/\/atirotargets.com\/#organization\",\"name\":\"Bersagli per tiro dinamico | ATIRO Targets\",\"url\":\"https:\/\/atirotargets.com\/\",\"logo\":{\"@type\":\"ImageObject\",\"inLanguage\":\"en-US\",\"@id\":\"https:\/\/atirotargets.com\/#\/schema\/logo\/image\/\",\"url\":\"https:\/\/atirotargets.com\/wp-content\/uploads\/2022\/01\/ATIRO_TARGET_LOGO.png\",\"contentUrl\":\"https:\/\/atirotargets.com\/wp-content\/uploads\/2022\/01\/ATIRO_TARGET_LOGO.png\",\"width\":2256,\"height\":832,\"caption\":\"Bersagli per tiro dinamico | ATIRO Targets\"},\"image\":{\"@id\":\"https:\/\/atirotargets.com\/#\/schema\/logo\/image\/\"}}]}<\/script>\n<!-- \/ Yoast SEO plugin. -->","yoast_head_json":{"title":"Piano di Scatto en - Bersagli per tiro dinamico | ATIRO Targets","robots":{"index":"index","follow":"follow","max-snippet":"max-snippet:-1","max-image-preview":"max-image-preview:large","max-video-preview":"max-video-preview:-1"},"canonical":"https:\/\/atirotargets.com\/en\/piano-di-scatto-en\/","og_locale":"en_US","og_type":"article","og_title":"Piano di Scatto en - Bersagli per tiro dinamico | ATIRO Targets","og_description":"CHI C'\u00c8 DIETRO ATIROUNA SQUADRA CHE CONOSCE I METALLI COME LE PROPRIE TASCHE","og_url":"https:\/\/atirotargets.com\/en\/piano-di-scatto-en\/","og_site_name":"Bersagli per tiro dinamico | ATIRO Targets","article_modified_time":"2022-04-07T07:44:08+00:00","twitter_card":"summary_large_image","twitter_misc":{"Est. reading time":"1 minute"},"schema":{"@context":"https:\/\/schema.org","@graph":[{"@type":"WebPage","@id":"https:\/\/atirotargets.com\/en\/piano-di-scatto-en\/","url":"https:\/\/atirotargets.com\/en\/piano-di-scatto-en\/","name":"Piano di Scatto en - Bersagli per tiro dinamico | ATIRO Targets","isPartOf":{"@id":"https:\/\/atirotargets.com\/#website"},"datePublished":"2022-03-24T16:20:57+00:00","dateModified":"2022-04-07T07:44:08+00:00","breadcrumb":{"@id":"https:\/\/atirotargets.com\/en\/piano-di-scatto-en\/#breadcrumb"},"inLanguage":"en-US","potentialAction":[{"@type":"ReadAction","target":["https:\/\/atirotargets.com\/en\/piano-di-scatto-en\/"]}]},{"@type":"BreadcrumbList","@id":"https:\/\/atirotargets.com\/en\/piano-di-scatto-en\/#breadcrumb","itemListElement":[{"@type":"ListItem","position":1,"name":"Home","item":"https:\/\/atirotargets.com\/"},{"@type":"ListItem","position":2,"name":"Piano di Scatto en"}]},{"@type":"WebSite","@id":"https:\/\/atirotargets.com\/#website","url":"https:\/\/atirotargets.com\/","name":"Bersagli per tiro dinamico | ATIRO Targets","description":"I nostri bersagli per tiro dinamico sportivo sono artigianali e realizzati in acciaio balistico svedese. Entra nel mondo ATIRO Targets!","publisher":{"@id":"https:\/\/atirotargets.com\/#organization"},"potentialAction":[{"@type":"SearchAction","target":{"@type":"EntryPoint","urlTemplate":"https:\/\/atirotargets.com\/?s={search_term_string}"},"query-input":{"@type":"PropertyValueSpecification","valueRequired":true,"valueName":"search_term_string"}}],"inLanguage":"en-US"},{"@type":"Organization","@id":"https:\/\/atirotargets.com\/#organization","name":"Bersagli per tiro dinamico | ATIRO Targets","url":"https:\/\/atirotargets.com\/","logo":{"@type":"ImageObject","inLanguage":"en-US","@id":"https:\/\/atirotargets.com\/#\/schema\/logo\/image\/","url":"https:\/\/atirotargets.com\/wp-content\/uploads\/2022\/01\/ATIRO_TARGET_LOGO.png","contentUrl":"https:\/\/atirotargets.com\/wp-content\/uploads\/2022\/01\/ATIRO_TARGET_LOGO.png","width":2256,"height":832,"caption":"Bersagli per tiro dinamico | ATIRO Targets"},"image":{"@id":"https:\/\/atirotargets.com\/#\/schema\/logo\/image\/"}}]}},"_links":{"self":[{"href":"https:\/\/atirotargets.com\/en\/wp-json\/wp\/v2\/pages\/50536","targetHints":{"allow":["GET"]}}],"collection":[{"href":"https:\/\/atirotargets.com\/en\/wp-json\/wp\/v2\/pages"}],"about":[{"href":"https:\/\/atirotargets.com\/en\/wp-json\/wp\/v2\/types\/page"}],"author":[{"embeddable":true,"href":"https:\/\/atirotargets.com\/en\/wp-json\/wp\/v2\/users\/2"}],"replies":[{"embeddable":true,"href":"https:\/\/atirotargets.com\/en\/wp-json\/wp\/v2\/comments?post=50536"}],"version-history":[{"count":10,"href":"https:\/\/atirotargets.com\/en\/wp-json\/wp\/v2\/pages\/50536\/revisions"}],"predecessor-version":[{"id":50629,"href":"https:\/\/atirotargets.com\/en\/wp-json\/wp\/v2\/pages\/50536\/revisions\/50629"}],"wp:attachment":[{"href":"https:\/\/atirotargets.com\/en\/wp-json\/wp\/v2\/media?parent=50536"}],"curies":[{"name":"wp","href":"https:\/\/api.w.org\/{rel}","templated":true}]}}